{"id":2,"date":"2017-09-18T12:05:54","date_gmt":"2017-09-18T12:05:54","guid":{"rendered":"https:\/\/kerdoiv.folprint.hu\/?page_id=2"},"modified":"2026-01-21T08:53:02","modified_gmt":"2026-01-21T08:53:02","slug":"sample-page","status":"publish","type":"page","link":"https:\/\/kerdoiv.folprint.hu\/","title":{"rendered":"<p class=\"cim\">Vev\u0151el\u00e9gedetts\u00e9g, sz\u00e1munkra fontos az \u00d6n v\u00e9lem\u00e9nye.<\/p>"},"content":{"rendered":"<h3><style>\np.serif {<br \/>\n    font-family: \"Times New Roman\", Times, serif;<br \/>\n}<\/p>\n<p>p.cim {<br \/>\n   font-family: \"Times New Roman\", Times, serif;<br \/>\n   font-style: bold;<br \/>\n  font-size: 200%;<br \/>\n}<br \/>\n<\/style><\/h3>\n<p class=\"serif\"><strong>A <span style=\"color: #399932;\">Folprint Z\u00f6ldnyomda Kft.<\/span> fontos c\u00e9lkit\u0171z\u00e9se az \u00fcgyfelek legmagasabb szinten t\u00f6rt\u00e9n\u0151 kiszolg\u00e1l\u00e1sa, ennek \u00e9rdek\u00e9ben k\u00e9rj\u00fck, t\u00f6ltse ki r\u00f6vid k\u00e9rd\u0151\u00edv\u00fcnket, hogy megismerhess\u00fck az \u00d6n v\u00e9lem\u00e9ny\u00e9t!<\/strong><\/p>\n<p class=\"serif\"><strong>K\u00e9rj\u00fck, sz\u00edveskedjen 2026. febru\u00e1r 6-ig<\/strong><strong>\u00a0bez\u00e1r\u00f3lag elk\u00fcldeni v\u00e1laszait!<\/strong><\/p>\n<p class=\"serif\"><strong style=\"font-size: 1rem;\">A k\u00e9rd\u0151\u00edv kit\u00f6lt\u00e9se \u00f6t percet vesz ig\u00e9nybe.<\/strong><\/p>\n<p class=\"serif\">Valamennyi \u00fczlet\u00e1gunk k\u00e9rd\u0151\u00edve megt<span style=\"font-size: 1rem;\">al\u00e1lhat\u00f3 oldalunkon. K\u00e9rj\u00fck, csak azt t\u00f6ltse ki, amelyik r\u00e9szleg\u00fcnkkel folyamatos munkakapcsolatban \u00e1ll! Amennyiben t\u00f6bb \u00fczlet\u00e1gunkkal is kapcsolatban van, k\u00e9rj\u00fck, az \u00d6n \u00e1ltal leggyakrabban ig\u00e9nybe vett szolg\u00e1ltat\u00e1sunk k\u00e9rd\u0151\u00edv\u00e9t t\u00f6ltse ki!<\/span><\/p>\n\n\n<div class=\"wp-block-buttons is-layout-flex wp-block-buttons-is-layout-flex\">\n<div class=\"wp-block-button has-custom-width wp-block-button__width-100 is-style-fill\"><a class=\"wp-block-button__link has-background wp-element-button\" href=\"https:\/\/forms.office.com\/pages\/responsepage.aspx?id=DQSIkWdsW0yxEjajBLZtrQAAAAAAAAAAAAN__paSmGpUNlpSQVJFOFZLTlhDN0JNTE1GR0xTUVoyNS4u&amp;route=shorturl\" style=\"background:linear-gradient(135deg,rgb(36,168,66) 0%,rgb(0,108,23) 100%)\">Z\u00d6LDNYOMDA<\/a><\/div>\n<\/div>\n\n\n\n<div class=\"wp-block-buttons is-layout-flex wp-container-core-buttons-is-layout-a74382ec wp-block-buttons-is-layout-flex\">\n<div class=\"wp-block-button has-custom-width wp-block-button__width-100\"><a class=\"wp-block-button__link has-background wp-element-button\" href=\"https:\/\/forms.office.com\/pages\/responsepage.aspx?id=DQSIkWdsW0yxEjajBLZtrQAAAAAAAAAAAAN__paSmGpUNU1XOFFTU1FXQUNHNlQyUU1NQkRNQkZPVS4u&amp;route=shorturl\" style=\"background:linear-gradient(135deg,rgb(252,185,0) 0%,rgb(213,124,0) 100%)\">C\u00cdMKE GY\u00c1RT\u00c1S<\/a><\/div>\n<\/div>\n\n\n\n<div class=\"wp-block-buttons is-layout-flex wp-block-buttons-is-layout-flex\">\n<div class=\"wp-block-button has-custom-width wp-block-button__width-100\"><a class=\"wp-block-button__link has-background wp-element-button\" href=\"https:\/\/forms.office.com\/pages\/responsepage.aspx?id=DQSIkWdsW0yxEjajBLZtrQAAAAAAAAAAAAN__paSmGpUMVJLVEdMVEYwVFU5NkFPOTdCNjRJRTBZOS4u&amp;route=shorturl\" style=\"background:linear-gradient(135deg,rgb(255,31,31) 0%,rgb(216,43,43) 50%,rgb(139,0,0) 100%)\">B\u00c9LYEGZ\u0150K\u00c9SZ\u00cdT\u00c9S<\/a><\/div>\n<\/div>\n\n\n\n<div class=\"wp-block-buttons is-layout-flex wp-block-buttons-is-layout-flex\">\n<div class=\"wp-block-button has-custom-width wp-block-button__width-100\"><a class=\"wp-block-button__link has-black-color has-text-color has-background wp-element-button\" href=\"https:\/\/forms.office.com\/pages\/responsepage.aspx?id=DQSIkWdsW0yxEjajBLZtrQAAAAAAAAAAAAN__paSmGpUODFMSjhMWVI4Q1c3UExZN1dKTkFBQlhDNy4u&amp;route=shorturl\" style=\"background:linear-gradient(135deg,rgb(237,237,237) 0%,rgb(163,163,163) 100%)\">GRAV\u00cdROZ\u00c1S ( L\u00c9ZERES JEL\u00d6L\u00c9S )<\/a><\/div>\n<\/div>\n\n\n\n<div class=\"wp-block-buttons is-layout-flex wp-block-buttons-is-layout-flex\">\n<div class=\"wp-block-button has-custom-width wp-block-button__width-100\"><a class=\"wp-block-button__link wp-element-button\" href=\"https:\/\/forms.office.com\/pages\/responsepage.aspx?id=DQSIkWdsW0yxEjajBLZtrQAAAAAAAAAAAAN__paSmGpUN05FN002SjgxSE1NOEc3SElDU0Y0RUY0Ni4u&amp;route=shorturl\">AUT\u00d3IPARI L\u00c9ZERES JEL\u00d6L\u00c9S<\/a><\/div>\n<\/div>\n\n\n\n<p>\u00a0<br>Felh\u00edvjuk a figyelmet, hogy az al\u00e1bbi hivatkoz\u00e1sokra kattintva \u00d6n egy k\u00fcls\u0151, a szolg\u00e1ltat\u00f3nkt\u00f3l f\u00fcggetlen weboldalra ker\u00fcl \u00e1t, amelynek megnyit\u00e1sa nem j\u00e1r szem\u00e9lyes adatok tov\u00e1bb\u00edt\u00e1s\u00e1val r\u00e9sz\u00fcnkr\u0151l; a k\u00e9rd\u0151\u00edv minden adat\u00e1t \u2013 \u00edgy a t\u00e1rsas\u00e1gukra \u00e9s szem\u00e9ly\u00e9re vonatkoz\u00f3 inform\u00e1ci\u00f3kat is \u2013 az Adatv\u00e9delmi T\u00f6rv\u00e9nynek megfelel\u0151en, kiz\u00e1r\u00f3lag menedzsmentir\u00e1ny\u00edt\u00e1si rendszer\u00fcnk vev\u0151i el\u00e9gedetts\u00e9g m\u00e9r\u00e9s\u00e9re haszn\u00e1ljuk fel.<\/p>\n\n\n\n<p><\/p>\n","protected":false},"excerpt":{"rendered":"<p>A Folprint Z\u00f6ldnyomda Kft. fontos c\u00e9lkit\u0171z\u00e9se az \u00fcgyfelek legmagasabb szinten t\u00f6rt\u00e9n\u0151 kiszolg\u00e1l\u00e1sa, ennek \u00e9rdek\u00e9ben k\u00e9rj\u00fck, t\u00f6ltse ki r\u00f6vid k\u00e9rd\u0151\u00edv\u00fcnket, hogy megismerhess\u00fck az \u00d6n v\u00e9lem\u00e9ny\u00e9t! K\u00e9rj\u00fck, sz\u00edveskedjen 2026. febru\u00e1r 6-ig\u00a0bez\u00e1r\u00f3lag elk\u00fcldeni v\u00e1laszait! A k\u00e9rd\u0151\u00edv kit\u00f6lt\u00e9se \u00f6t percet vesz ig\u00e9nybe. Valamennyi \u00fczlet\u00e1gunk k\u00e9rd\u0151\u00edve megtal\u00e1lhat\u00f3 oldalunkon. K\u00e9rj\u00fck, csak azt t\u00f6ltse ki, amelyik r\u00e9szleg\u00fcnkkel folyamatos munkakapcsolatban \u00e1ll! Amennyiben t\u00f6bb &hellip; <\/p>\n<p class=\"link-more\"><a href=\"https:\/\/kerdoiv.folprint.hu\/\" class=\"more-link\"><span class=\"screen-reader-text\">&#8222;<\/p>\n<p class=\"cim\">Vev\u0151el\u00e9gedetts\u00e9g, sz\u00e1munkra fontos az \u00d6n v\u00e9lem\u00e9nye.<\/p>\n<p>&#8222;<\/span> b\u0151vebben<\/a><\/p>\n","protected":false},"author":1,"featured_media":0,"parent":0,"menu_order":0,"comment_status":"closed","ping_status":"open","template":"","meta":{"footnotes":""},"class_list":["post-2","page","type-page","status-publish","hentry"],"_links":{"self":[{"href":"https:\/\/kerdoiv.folprint.hu\/index.php?rest_route=\/wp\/v2\/pages\/2","targetHints":{"allow":["GET"]}}],"collection":[{"href":"https:\/\/kerdoiv.folprint.hu\/index.php?rest_route=\/wp\/v2\/pages"}],"about":[{"href":"https:\/\/kerdoiv.folprint.hu\/index.php?rest_route=\/wp\/v2\/types\/page"}],"author":[{"embeddable":true,"href":"https:\/\/kerdoiv.folprint.hu\/index.php?rest_route=\/wp\/v2\/users\/1"}],"replies":[{"embeddable":true,"href":"https:\/\/kerdoiv.folprint.hu\/index.php?rest_route=%2Fwp%2Fv2%2Fcomments&post=2"}],"version-history":[{"count":75,"href":"https:\/\/kerdoiv.folprint.hu\/index.php?rest_route=\/wp\/v2\/pages\/2\/revisions"}],"predecessor-version":[{"id":265,"href":"https:\/\/kerdoiv.folprint.hu\/index.php?rest_route=\/wp\/v2\/pages\/2\/revisions\/265"}],"wp:attachment":[{"href":"https:\/\/kerdoiv.folprint.hu\/index.php?rest_route=%2Fwp%2Fv2%2Fmedia&parent=2"}],"curies":[{"name":"wp","href":"https:\/\/api.w.org\/{rel}","templated":true}]}}